{"id":843,"date":"2022-01-17T13:00:09","date_gmt":"2022-01-17T12:00:09","guid":{"rendered":"https:\/\/zs-musk.cz\/musk3\/zasady-cookies-eu\/"},"modified":"2022-03-30T10:40:29","modified_gmt":"2022-03-30T08:40:29","slug":"zasady-cookies-eu","status":"publish","type":"page","link":"https:\/\/zs-musk.cz\/uvaly\/zasady-cookies-eu\/","title":{"rendered":"Z\u00e1sady cookies (EU)"},"content":{"rendered":"Oblast EU nen\u00ed aktivov\u00e1na pro cookie-statement.","protected":false},"excerpt":{"rendered":"","protected":false},"author":1,"featured_media":0,"parent":0,"menu_order":0,"comment_status":"closed","ping_status":"closed","template":"","meta":{"footnotes":""},"class_list":["post-843","page","type-page","status-publish","hentry"],"_links":{"self":[{"href":"https:\/\/zs-musk.cz\/uvaly\/wp-json\/wp\/v2\/pages\/843","targetHints":{"allow":["GET"]}}],"collection":[{"href":"https:\/\/zs-musk.cz\/uvaly\/wp-json\/wp\/v2\/pages"}],"about":[{"href":"https:\/\/zs-musk.cz\/uvaly\/wp-json\/wp\/v2\/types\/page"}],"author":[{"embeddable":true,"href":"https:\/\/zs-musk.cz\/uvaly\/wp-json\/wp\/v2\/users\/1"}],"replies":[{"embeddable":true,"href":"https:\/\/zs-musk.cz\/uvaly\/wp-json\/wp\/v2\/comments?post=843"}],"version-history":[{"count":1,"href":"https:\/\/zs-musk.cz\/uvaly\/wp-json\/wp\/v2\/pages\/843\/revisions"}],"predecessor-version":[{"id":896,"href":"https:\/\/zs-musk.cz\/uvaly\/wp-json\/wp\/v2\/pages\/843\/revisions\/896"}],"wp:attachment":[{"href":"https:\/\/zs-musk.cz\/uvaly\/wp-json\/wp\/v2\/media?parent=843"}],"curies":[{"name":"wp","href":"https:\/\/api.w.org\/{rel}","templated":true}]}}