{"id":41,"date":"2018-07-16T10:45:31","date_gmt":"2018-07-16T08:45:31","guid":{"rendered":"http:\/\/zs-musk.cz\/musk3\/?page_id=41"},"modified":"2026-01-04T10:57:25","modified_gmt":"2026-01-04T09:57:25","slug":"cenik","status":"publish","type":"page","link":"https:\/\/zs-musk.cz\/uvaly\/cenik\/","title":{"rendered":"Cen\u00edk"},"content":{"rendered":"<p>&#8211; Dotovan\u00e9 \u0161koln\u00e9 a stravn\u00e9 je poskytnuto pouze za spln\u011bn\u00fdch podm\u00ednek MPSV, podm\u00ednky naleznete v provozn\u00edch \u0159\u00e1dech, viz. <span style=\"color: #ffffff;\"><strong><a style=\"color: #ffffff;\" href=\"https:\/\/zs-musk.cz\/uvaly\/wp-content\/uploads\/sites\/3\/2026\/01\/Provozni-rad-Uvaly-2025-2026-MPSV.doc\">Provozn\u00ed-\u0159\u00e1d-\u00davaly-2025-2026 MPSV<\/a><\/strong><\/span><\/p>\n","protected":false},"excerpt":{"rendered":"<p>&#8211; Dotovan\u00e9 \u0161koln\u00e9 a stravn\u00e9 je poskytnuto pouze za spln\u011bn\u00fdch podm\u00ednek MPSV, podm\u00ednky naleznete v provozn\u00edch \u0159\u00e1dech, viz. Provozn\u00ed-\u0159\u00e1d-\u00davaly-2025-2026 MPSV<\/p>\n","protected":false},"author":1,"featured_media":0,"parent":0,"menu_order":0,"comment_status":"closed","ping_status":"closed","template":"","meta":{"footnotes":""},"class_list":["post-41","page","type-page","status-publish","hentry"],"_links":{"self":[{"href":"https:\/\/zs-musk.cz\/uvaly\/wp-json\/wp\/v2\/pages\/41","targetHints":{"allow":["GET"]}}],"collection":[{"href":"https:\/\/zs-musk.cz\/uvaly\/wp-json\/wp\/v2\/pages"}],"about":[{"href":"https:\/\/zs-musk.cz\/uvaly\/wp-json\/wp\/v2\/types\/page"}],"author":[{"embeddable":true,"href":"https:\/\/zs-musk.cz\/uvaly\/wp-json\/wp\/v2\/users\/1"}],"replies":[{"embeddable":true,"href":"https:\/\/zs-musk.cz\/uvaly\/wp-json\/wp\/v2\/comments?post=41"}],"version-history":[{"count":33,"href":"https:\/\/zs-musk.cz\/uvaly\/wp-json\/wp\/v2\/pages\/41\/revisions"}],"predecessor-version":[{"id":1511,"href":"https:\/\/zs-musk.cz\/uvaly\/wp-json\/wp\/v2\/pages\/41\/revisions\/1511"}],"wp:attachment":[{"href":"https:\/\/zs-musk.cz\/uvaly\/wp-json\/wp\/v2\/media?parent=41"}],"curies":[{"name":"wp","href":"https:\/\/api.w.org\/{rel}","templated":true}]}}