{"id":32,"date":"2018-07-16T10:44:06","date_gmt":"2018-07-16T08:44:06","guid":{"rendered":"http:\/\/zs-musk.cz\/musk3\/?page_id=32"},"modified":"2026-05-09T23:00:07","modified_gmt":"2026-05-09T21:00:07","slug":"jidelni-listek","status":"publish","type":"page","link":"https:\/\/zs-musk.cz\/uvaly\/jidelni-listek\/","title":{"rendered":"J\u00eddeln\u00ed l\u00edstek"},"content":{"rendered":"<p><strong><span style=\"color: #ff6600;\">11.05<\/span><\/strong><strong><span style=\"color: #ff6600;\">.2026 &#8211; Pond\u011bl\u00ed<\/span><\/strong><\/p>\n<div>\n<div>1. sva\u010dinka: ovocn\u00e9 m\u00fcsli, ml\u00e9ko, jablko, bikava, \u010daj &#8211; 1.4,05,07,8.2,11,12<\/div>\n<div>2. ob\u011bd: pol\u00e9vka: zeleninov\u00e1 s t\u011bstovinou<\/div>\n<div>zeleninov\u00e9 medailonky, brambory smetanov\u00e9 sypan\u00e9 s\u00fdrem, kompot &#8211; 1.103,07,09<\/div>\n<div>3. p\u0159esn\u00edd\u00e1vka: chl\u00e9b \u0161umava s pomaz\u00e1nkou z tu\u0148\u00e1ka, p\u00f3rek, \u010daj &#8211; 1.1,1.2,03,04,06,07,8.2,10,11<\/div>\n<\/div>\n<p><strong style=\"font-size: revert; color: initial;\"><span style=\"color: #ff6600;\">12.05<\/span><\/strong><strong style=\"font-size: revert; color: initial;\"><span style=\"color: #ff6600;\">.2026 &#8211; \u00dater\u00fd<\/span><\/strong><\/p>\n<div>\n<div>1. sva\u010dinka: ovocn\u00fd jogurt, chrumky, ban\u00e1n, \u010daj &#8211; 07,12<\/div>\n<div>2. ob\u011bd: pol\u00e9vka: km\u00ednov\u00e1 s vejcem<\/div>\n<div>chilli con carne, r\u00fd\u017ee, ovoce &#8211; 1.1,03,09<\/div>\n<div>3. p\u0159esn\u00edd\u00e1vka: pomaz\u00e1nka budape\u0161\u0165, okurka, celozrnn\u00fd \u017eitn\u00fd chl\u00e9b, kakao, \u010daj &#8211; 1.2,03,06,07,8.2,11<\/div>\n<\/div>\n<p><strong style=\"font-size: revert; color: initial;\"><span style=\"color: #ff6600;\">13.05.2026 &#8211; St\u0159eda<\/span><\/strong><\/p>\n<div>\n<div>1. sva\u010dinka: mrkvov\u00fd sal\u00e1t s jablkem, ml\u00e9ko, citronov\u00fd \u010daj &#8211; 07, 12<\/div>\n<div>2. ob\u011bd: pol\u00e9vka: rajsk\u00e1 s t\u011bstovinou<\/div>\n<div>sekan\u00e1 pe\u010den\u011b, brambory \u0161\u0165ouchan\u00e9, kysel\u00e1 okurka &#8211; 1.1,03,10<\/div>\n<div>3. p\u0159esn\u00edd\u00e1vka: chl\u00e9b speci\u00e1ln\u00ed s vaje\u010dnou pomaz\u00e1nkou, \u0159edkvi\u010dka, \u010daj &#8211; 1.2,1.4,03,06,07,8.2,10,11<\/div>\n<\/div>\n<p><strong style=\"font-size: revert; color: initial;\"><span style=\"color: #ff6600;\">14<\/span><\/strong><strong style=\"font-size: revert; color: initial;\"><span style=\"color: #ff6600;\">.05.2026 &#8211; \u010ctvrtek<\/span><\/strong><\/p>\n<div>\n<div>1. sva\u010dinka: knackebrot, cizrnov\u00e1 pomaz\u00e1nka, jablko, bikava, \u010daj &#8211; 1.1,1.2,06,10,11 <br \/>2. ob\u011bd: pol\u00e9vka: vep\u0159ov\u00e1 s krupkami <br \/>gnocchi s vejci, brokolic\u00ed a s\u00fdrem &#8211; 1.1,1.2,03,07,09 <br \/>3. p\u0159esn\u00edd\u00e1vka: \u017eerv\u00e9 na r\u00fd\u017eov\u00e9m chleb\u00ed\u010dku, kudrnka, \u010daj &#8211; 06,07,11<\/div>\n<div>\u00a0<\/div>\n<\/div>\n<p><strong style=\"font-size: revert; color: initial;\"><span style=\"color: #ff6600;\">15.05.2026 &#8211; P\u00e1tek<\/span><\/strong><\/p>\n<div>\n<div>1. sva\u010dinka: kuku\u0159i\u010dn\u00fd pl\u00e1tek s pa\u017eitkov\u00fdm pomaz\u00e1nkov\u00fdm m\u00e1slem, mandarinka, ml\u00e9ko, \u010daj &#8211; 1.1,07<\/div>\n<div>2. ob\u011bd: pol\u00e9vka: hov\u011bz\u00ed s r\u00fd\u017e\u00ed<\/div>\n<div>ku\u0159ec\u00ed \u0159\u00edzek,\u00a0 bramborov\u00e1 ka\u0161e, kompot &#8211; 1.1,03,07,09<\/div>\n<div>3. p\u0159esn\u00edd\u00e1vka: ovocn\u00fd sal\u00e1t, chrumky, \u010daj &#8211; 1.1,12<\/div>\n<\/div>\n<p><span style=\"font-size: inherit;\">V\u0161echny alergeny naleznete zde: <\/span><span style=\"color: #ffffff;\"><a style=\"color: #ffffff;\" href=\"http:\/\/zs-musk.cz\/musk2\/wp-content\/uploads\/sites\/2\/2018\/10\/alergeny.pdf\">alergeny<\/a><\/span><\/p>\n\n\n<p><\/p>\n","protected":false},"excerpt":{"rendered":"<p>11.05.2026 &#8211; Pond\u011bl\u00ed 1. sva\u010dinka: ovocn\u00e9 m\u00fcsli, ml\u00e9ko, jablko, bikava, \u010daj &#8211; 1.4,05,07,8.2,11,12 2. ob\u011bd: pol\u00e9vka: zeleninov\u00e1 s t\u011bstovinou zeleninov\u00e9 medailonky, brambory smetanov\u00e9 sypan\u00e9 s\u00fdrem, kompot &#8211; 1.103,07,09 3. p\u0159esn\u00edd\u00e1vka: chl\u00e9b \u0161umava s pomaz\u00e1nkou z tu\u0148\u00e1ka, p\u00f3rek, \u010daj &#8211; 1.1,1.2,03,04,06,07,8.2,10,11 12.05.2026 &#8211; \u00dater\u00fd 1. sva\u010dinka: ovocn\u00fd jogurt, chrumky, ban\u00e1n, \u010daj &#8211; 07,12 2. ob\u011bd: pol\u00e9vka: [&hellip;]<\/p>\n","protected":false},"author":1,"featured_media":0,"parent":0,"menu_order":0,"comment_status":"closed","ping_status":"closed","template":"","meta":{"footnotes":""},"class_list":["post-32","page","type-page","status-publish","hentry"],"_links":{"self":[{"href":"https:\/\/zs-musk.cz\/uvaly\/wp-json\/wp\/v2\/pages\/32","targetHints":{"allow":["GET"]}}],"collection":[{"href":"https:\/\/zs-musk.cz\/uvaly\/wp-json\/wp\/v2\/pages"}],"about":[{"href":"https:\/\/zs-musk.cz\/uvaly\/wp-json\/wp\/v2\/types\/page"}],"author":[{"embeddable":true,"href":"https:\/\/zs-musk.cz\/uvaly\/wp-json\/wp\/v2\/users\/1"}],"replies":[{"embeddable":true,"href":"https:\/\/zs-musk.cz\/uvaly\/wp-json\/wp\/v2\/comments?post=32"}],"version-history":[{"count":406,"href":"https:\/\/zs-musk.cz\/uvaly\/wp-json\/wp\/v2\/pages\/32\/revisions"}],"predecessor-version":[{"id":1729,"href":"https:\/\/zs-musk.cz\/uvaly\/wp-json\/wp\/v2\/pages\/32\/revisions\/1729"}],"wp:attachment":[{"href":"https:\/\/zs-musk.cz\/uvaly\/wp-json\/wp\/v2\/media?parent=32"}],"curies":[{"name":"wp","href":"https:\/\/api.w.org\/{rel}","templated":true}]}}