{"id":30,"date":"2018-07-16T10:27:27","date_gmt":"2018-07-16T08:27:27","guid":{"rendered":"http:\/\/zs-musk.cz\/musk3\/?page_id=30"},"modified":"2026-03-11T17:15:50","modified_gmt":"2026-03-11T16:15:50","slug":"kontakt","status":"publish","type":"page","link":"https:\/\/zs-musk.cz\/uvaly\/kontakt\/","title":{"rendered":"Kontakt"},"content":{"rendered":"<p><iframe loading=\"lazy\" style=\"border: 0;\" src=\"https:\/\/www.google.com\/maps\/embed?pb=!1m18!1m12!1m3!1d2559.4502075078053!2d14.720602876381728!3d50.09657967152679!2m3!1f0!2f0!3f0!3m2!1i1024!2i768!4f13.1!3m3!1m2!1s0x470bf495c4e22191%3A0xe47e4936836b9f2f!2sGl%C3%BCcksmannova%202009%2C%20250%2082%20%C3%9Avaly!5e0!3m2!1scs!2scz!4v1767520810517!5m2!1scs!2scz\" width=\"600\" height=\"450\" allowfullscreen=\"allowfullscreen\"><\/iframe><\/p>\n<p><strong><span style=\"color: #ff6600;\">Minisv\u011bt u Krte\u010dka \u00davaly, d\u011btsk\u00e1 skupina, Gl\u00fccksmannova 2009, \u00davaly, PS\u010c 250 82<\/span><\/strong><\/p>\n<p>I\u010cO:\u00a0 05507901,\u00a0DI\u010c:\u00a0CZ05507901<\/p>\n<p><strong><span style=\"color: #ff6600;\">Spojen\u00ed:<\/span><\/strong><\/p>\n<p>Veronika Krutsk\u00e1 &#8211; z\u00e1stupkyn\u011b: 720020470 \/ mskrtecek@email.cz<\/p>\n<p>provozovna: 720020471<\/p>\n<p><strong><span style=\"color: #ff6600;\">ID datov\u00e9 schr\u00e1nky:<\/span><\/strong> i439m4m<\/p>\n<p><strong><span style=\"color: #ff6600;\">Bankovn\u00ed spojen\u00ed:<\/span><\/strong>279890783\/0600<\/p>\n","protected":false},"excerpt":{"rendered":"<p>Minisv\u011bt u Krte\u010dka \u00davaly, d\u011btsk\u00e1 skupina, Gl\u00fccksmannova 2009, \u00davaly, PS\u010c 250 82 I\u010cO:\u00a0 05507901,\u00a0DI\u010c:\u00a0CZ05507901 Spojen\u00ed: Veronika Krutsk\u00e1 &#8211; z\u00e1stupkyn\u011b: 720020470 \/ mskrtecek@email.cz provozovna: 720020471 ID datov\u00e9 schr\u00e1nky: i439m4m Bankovn\u00ed spojen\u00ed:279890783\/0600<\/p>\n","protected":false},"author":1,"featured_media":0,"parent":0,"menu_order":0,"comment_status":"closed","ping_status":"closed","template":"","meta":{"footnotes":""},"class_list":["post-30","page","type-page","status-publish","hentry"],"_links":{"self":[{"href":"https:\/\/zs-musk.cz\/uvaly\/wp-json\/wp\/v2\/pages\/30","targetHints":{"allow":["GET"]}}],"collection":[{"href":"https:\/\/zs-musk.cz\/uvaly\/wp-json\/wp\/v2\/pages"}],"about":[{"href":"https:\/\/zs-musk.cz\/uvaly\/wp-json\/wp\/v2\/types\/page"}],"author":[{"embeddable":true,"href":"https:\/\/zs-musk.cz\/uvaly\/wp-json\/wp\/v2\/users\/1"}],"replies":[{"embeddable":true,"href":"https:\/\/zs-musk.cz\/uvaly\/wp-json\/wp\/v2\/comments?post=30"}],"version-history":[{"count":20,"href":"https:\/\/zs-musk.cz\/uvaly\/wp-json\/wp\/v2\/pages\/30\/revisions"}],"predecessor-version":[{"id":1559,"href":"https:\/\/zs-musk.cz\/uvaly\/wp-json\/wp\/v2\/pages\/30\/revisions\/1559"}],"wp:attachment":[{"href":"https:\/\/zs-musk.cz\/uvaly\/wp-json\/wp\/v2\/media?parent=30"}],"curies":[{"name":"wp","href":"https:\/\/api.w.org\/{rel}","templated":true}]}}