{"id":28,"date":"2018-07-16T10:27:08","date_gmt":"2018-07-16T08:27:08","guid":{"rendered":"http:\/\/zs-musk.cz\/musk3\/?page_id=28"},"modified":"2026-05-11T18:02:26","modified_gmt":"2026-05-11T16:02:26","slug":"nas-tym","status":"publish","type":"page","link":"https:\/\/zs-musk.cz\/uvaly\/nas-tym\/","title":{"rendered":"N\u00e1\u0161 t\u00fdm"},"content":{"rendered":"<p><strong><span style=\"color: #ff6600;\">\u0159editelka za\u0159\u00edzen\u00ed:\u00a0<span style=\"color: #ffffff;\"><em>Mgr. Ing. Milada St\u00e1rkov\u00e1<\/em><\/span><\/span><\/strong><\/p>\n<p>\u0159editelka d\u011btsk\u00fdch skupin, kvalifikace speci\u00e1ln\u00ed pedagog<\/p>\n<p><strong><span style=\"color: #ff6600;\">vedouc\u00ed provozovny: <span style=\"color: #ffffff;\"><em>Nikola Sedl\u00e1\u010dkov\u00e1 &#8211; kontakt pro rodi\u010de: 720020471<\/em><\/span><\/span><\/strong><\/p>\n<p>vedouc\u00ed provozovny, kvalifikace asistent pedagoga, ch\u016fva v d\u011btsk\u00e9 skupin\u011b<\/p>\n<p><strong><span style=\"color: #ff6600;\"><span style=\"color: #ffffff;\"><em>Monika Frankov\u00e1, DiS &#8211; kvalifikace pedagog, <\/em><\/span><\/span><\/strong><\/p>\n<p><strong><span style=\"color: #ff6600;\"><span style=\"color: #ffffff;\"><em>Karol\u00edna Jordakov\u00e1 &#8211; kvalifikace pe\u010duj\u00edc\u00ed osoba v DS<\/em><\/span><\/span><\/strong><\/p>\n","protected":false},"excerpt":{"rendered":"<p>\u0159editelka za\u0159\u00edzen\u00ed:\u00a0Mgr. Ing. Milada St\u00e1rkov\u00e1 \u0159editelka d\u011btsk\u00fdch skupin, kvalifikace speci\u00e1ln\u00ed pedagog vedouc\u00ed provozovny: Nikola Sedl\u00e1\u010dkov\u00e1 &#8211; kontakt pro rodi\u010de: 720020471 vedouc\u00ed provozovny, kvalifikace asistent pedagoga, ch\u016fva v d\u011btsk\u00e9 skupin\u011b Monika Frankov\u00e1, DiS &#8211; kvalifikace pedagog, Karol\u00edna Jordakov\u00e1 &#8211; kvalifikace pe\u010duj\u00edc\u00ed osoba v DS<\/p>\n","protected":false},"author":1,"featured_media":0,"parent":0,"menu_order":0,"comment_status":"closed","ping_status":"closed","template":"","meta":{"footnotes":""},"class_list":["post-28","page","type-page","status-publish","hentry"],"_links":{"self":[{"href":"https:\/\/zs-musk.cz\/uvaly\/wp-json\/wp\/v2\/pages\/28","targetHints":{"allow":["GET"]}}],"collection":[{"href":"https:\/\/zs-musk.cz\/uvaly\/wp-json\/wp\/v2\/pages"}],"about":[{"href":"https:\/\/zs-musk.cz\/uvaly\/wp-json\/wp\/v2\/types\/page"}],"author":[{"embeddable":true,"href":"https:\/\/zs-musk.cz\/uvaly\/wp-json\/wp\/v2\/users\/1"}],"replies":[{"embeddable":true,"href":"https:\/\/zs-musk.cz\/uvaly\/wp-json\/wp\/v2\/comments?post=28"}],"version-history":[{"count":26,"href":"https:\/\/zs-musk.cz\/uvaly\/wp-json\/wp\/v2\/pages\/28\/revisions"}],"predecessor-version":[{"id":1735,"href":"https:\/\/zs-musk.cz\/uvaly\/wp-json\/wp\/v2\/pages\/28\/revisions\/1735"}],"wp:attachment":[{"href":"https:\/\/zs-musk.cz\/uvaly\/wp-json\/wp\/v2\/media?parent=28"}],"curies":[{"name":"wp","href":"https:\/\/api.w.org\/{rel}","templated":true}]}}