{"id":885,"date":"2022-03-30T10:35:01","date_gmt":"2022-03-30T08:35:01","guid":{"rendered":"https:\/\/zs-musk.cz\/musk4\/zasady-cookies-eu\/"},"modified":"2022-03-30T10:36:31","modified_gmt":"2022-03-30T08:36:31","slug":"zasady-cookies-eu","status":"publish","type":"page","link":"https:\/\/zs-musk.cz\/musk4\/zasady-cookies-eu\/","title":{"rendered":"Z\u00e1sady cookies (EU)"},"content":{"rendered":"Oblast EU nen\u00ed aktivov\u00e1na pro cookie-statement.","protected":false},"excerpt":{"rendered":"","protected":false},"author":8,"featured_media":0,"parent":0,"menu_order":0,"comment_status":"closed","ping_status":"closed","template":"","meta":{"footnotes":""},"class_list":["post-885","page","type-page","status-publish","hentry"],"_links":{"self":[{"href":"https:\/\/zs-musk.cz\/musk4\/wp-json\/wp\/v2\/pages\/885","targetHints":{"allow":["GET"]}}],"collection":[{"href":"https:\/\/zs-musk.cz\/musk4\/wp-json\/wp\/v2\/pages"}],"about":[{"href":"https:\/\/zs-musk.cz\/musk4\/wp-json\/wp\/v2\/types\/page"}],"author":[{"embeddable":true,"href":"https:\/\/zs-musk.cz\/musk4\/wp-json\/wp\/v2\/users\/8"}],"replies":[{"embeddable":true,"href":"https:\/\/zs-musk.cz\/musk4\/wp-json\/wp\/v2\/comments?post=885"}],"version-history":[{"count":1,"href":"https:\/\/zs-musk.cz\/musk4\/wp-json\/wp\/v2\/pages\/885\/revisions"}],"predecessor-version":[{"id":886,"href":"https:\/\/zs-musk.cz\/musk4\/wp-json\/wp\/v2\/pages\/885\/revisions\/886"}],"wp:attachment":[{"href":"https:\/\/zs-musk.cz\/musk4\/wp-json\/wp\/v2\/media?parent=885"}],"curies":[{"name":"wp","href":"https:\/\/api.w.org\/{rel}","templated":true}]}}