{"id":23,"date":"2018-07-16T09:40:52","date_gmt":"2018-07-16T07:40:52","guid":{"rendered":"http:\/\/zs-musk.cz\/musk4\/?page_id=23"},"modified":"2026-01-26T20:04:04","modified_gmt":"2026-01-26T19:04:04","slug":"kontakt","status":"publish","type":"page","link":"https:\/\/zs-musk.cz\/musk4\/kontakt\/","title":{"rendered":"Kontakt"},"content":{"rendered":"<p><iframe loading=\"lazy\" style=\"border: 0;\" src=\"https:\/\/www.google.com\/maps\/embed?pb=!1m18!1m12!1m3!1d2566.243542932696!2d14.691945376895408!3d49.96929112189103!2m3!1f0!2f0!3f0!3m2!1i1024!2i768!4f13.1!3m3!1m2!1s0x470b89a0f83c7485%3A0x25a84f8925be62a0!2sKe%20Kostelu%20396%2C%20251%2001%20Tehov-%C5%98%C3%AD%C4%8Dany%20u%20Prahy!5e0!3m2!1scs!2scz!4v1738568952036!5m2!1scs!2scz\" width=\"600\" height=\"450\" allowfullscreen=\"allowfullscreen\"><\/iframe><\/p>\n<p><strong><span style=\"color: #ff6600;\">MUSK IV, D\u011btsk\u00e1 skupina, Ke Kostelu 396, Tehov, PS\u010c 251 01<\/span><\/strong><\/p>\n<p>I\u010cO:\u00a0 05507901,\u00a0DI\u010c:\u00a0CZ05507901<\/p>\n<p><strong><span style=\"color: #ff6600;\">Spojen\u00ed:<\/span><\/strong><\/p>\n<p>provozovna: 734477159<\/p>\n<p>Veronika Krutsk\u00e1 &#8211; z\u00e1stupkyn\u011b \u0159editelky: 720020470 \/ mskrtecek@email.cz<\/p>\n<p><strong><span style=\"color: #ff6600;\">ID datov\u00e9 schr\u00e1nky:<\/span><\/strong> i439m4m<\/p>\n<p><strong><span style=\"color: #ff6600;\">Bankovn\u00ed spojen\u00ed:<\/span><\/strong>279890783\/0600<\/p>\n","protected":false},"excerpt":{"rendered":"<p>MUSK IV, D\u011btsk\u00e1 skupina, Ke Kostelu 396, Tehov, PS\u010c 251 01 I\u010cO:\u00a0 05507901,\u00a0DI\u010c:\u00a0CZ05507901 Spojen\u00ed: provozovna: 734477159 Veronika Krutsk\u00e1 &#8211; z\u00e1stupkyn\u011b \u0159editelky: 720020470 \/ mskrtecek@email.cz ID datov\u00e9 schr\u00e1nky: i439m4m Bankovn\u00ed spojen\u00ed:279890783\/0600<\/p>\n","protected":false},"author":1,"featured_media":0,"parent":0,"menu_order":0,"comment_status":"closed","ping_status":"closed","template":"","meta":{"footnotes":""},"class_list":["post-23","page","type-page","status-publish","hentry"],"_links":{"self":[{"href":"https:\/\/zs-musk.cz\/musk4\/wp-json\/wp\/v2\/pages\/23","targetHints":{"allow":["GET"]}}],"collection":[{"href":"https:\/\/zs-musk.cz\/musk4\/wp-json\/wp\/v2\/pages"}],"about":[{"href":"https:\/\/zs-musk.cz\/musk4\/wp-json\/wp\/v2\/types\/page"}],"author":[{"embeddable":true,"href":"https:\/\/zs-musk.cz\/musk4\/wp-json\/wp\/v2\/users\/1"}],"replies":[{"embeddable":true,"href":"https:\/\/zs-musk.cz\/musk4\/wp-json\/wp\/v2\/comments?post=23"}],"version-history":[{"count":21,"href":"https:\/\/zs-musk.cz\/musk4\/wp-json\/wp\/v2\/pages\/23\/revisions"}],"predecessor-version":[{"id":1327,"href":"https:\/\/zs-musk.cz\/musk4\/wp-json\/wp\/v2\/pages\/23\/revisions\/1327"}],"wp:attachment":[{"href":"https:\/\/zs-musk.cz\/musk4\/wp-json\/wp\/v2\/media?parent=23"}],"curies":[{"name":"wp","href":"https:\/\/api.w.org\/{rel}","templated":true}]}}