{"id":217,"date":"2018-10-14T11:12:35","date_gmt":"2018-10-14T09:12:35","guid":{"rendered":"http:\/\/zs-musk.cz\/musk4\/?page_id=217"},"modified":"2018-10-19T14:57:25","modified_gmt":"2018-10-19T12:57:25","slug":"krouzky","status":"publish","type":"page","link":"https:\/\/zs-musk.cz\/musk4\/krouzky\/","title":{"rendered":"Krou\u017eky"},"content":{"rendered":"<p><strong><span style=\"color: #ff6600;\">Pond\u011bl\u00ed &#8211; Zp\u00edv\u00e1nky<\/span><\/strong><\/p>\n<p><em>Hravou formou tr\u00e9nujeme pam\u011b\u0165, rytmus, logopedii, v\u0161e za doprovodu hudebn\u00edch n\u00e1stroj\u016f.<\/em><\/p>\n<p><strong><span style=\"color: #ff6600;\">\u00dater\u00fd &#8211;\u00a0 J\u00f3ga<\/span><\/strong><\/p>\n<p><em>Pr\u00e1ce s vlastn\u00edm t\u011blem a zklidn\u011bn\u00ed mysli. Obnoven\u00ed spojen\u00ed individu\u00e1ln\u00edho J\u00e1 s univers\u00e1ln\u00edm Byt\u00edm.<\/em><\/p>\n<p><strong><span style=\"color: #ff6600;\">St\u0159eda &#8211; Tane\u010dky<br \/>\n<\/span><\/strong><\/p>\n<p><em>Navozujeme dobrou n\u00e1ladu, vyjad\u0159ujeme vlastn\u00ed pocity za pomoci tance.<\/em><\/p>\n<p><strong><span style=\"color: #ff6600;\">\u010ctvrtek &#8211; D\u00edlni\u010dky<\/span><\/strong><\/p>\n<p><em>V\u00fdtvarn\u00e1 a pracovn\u00ed \u010dinnost s d\u011btmi, z r\u016fzn\u00fdch materi\u00e1l\u016f v\u010detn\u011b p\u0159\u00edrodnin. Rozvoj jemn\u00e9 motoriky, fantazie a tv\u016fr\u010d\u00edho c\u00edt\u011bn\u00ed.<\/em><\/p>\n<p><strong><span style=\"color: #ff6600;\">P\u00e1tek &#8211; Va\u0159en\u00ed<\/span><\/strong><\/p>\n<p><em>Polytechnick\u00e1 v\u00fdchova s c\u00edlem rozv\u00edjet\u00a0psychomotorickou zru\u010dnost a sebeobsluhu.<\/em><\/p>\n","protected":false},"excerpt":{"rendered":"<p>Pond\u011bl\u00ed &#8211; Zp\u00edv\u00e1nky Hravou formou tr\u00e9nujeme pam\u011b\u0165, rytmus, logopedii, v\u0161e za doprovodu hudebn\u00edch n\u00e1stroj\u016f. \u00dater\u00fd &#8211;\u00a0 J\u00f3ga Pr\u00e1ce s vlastn\u00edm t\u011blem a zklidn\u011bn\u00ed mysli. Obnoven\u00ed spojen\u00ed individu\u00e1ln\u00edho J\u00e1 s univers\u00e1ln\u00edm Byt\u00edm. St\u0159eda &#8211; Tane\u010dky Navozujeme dobrou n\u00e1ladu, vyjad\u0159ujeme vlastn\u00ed pocity za pomoci tance. \u010ctvrtek &#8211; D\u00edlni\u010dky V\u00fdtvarn\u00e1 a pracovn\u00ed \u010dinnost s d\u011btmi, z r\u016fzn\u00fdch materi\u00e1l\u016f [&hellip;]<\/p>\n","protected":false},"author":8,"featured_media":0,"parent":0,"menu_order":0,"comment_status":"closed","ping_status":"closed","template":"","meta":{"footnotes":""},"class_list":["post-217","page","type-page","status-publish","hentry"],"_links":{"self":[{"href":"https:\/\/zs-musk.cz\/musk4\/wp-json\/wp\/v2\/pages\/217","targetHints":{"allow":["GET"]}}],"collection":[{"href":"https:\/\/zs-musk.cz\/musk4\/wp-json\/wp\/v2\/pages"}],"about":[{"href":"https:\/\/zs-musk.cz\/musk4\/wp-json\/wp\/v2\/types\/page"}],"author":[{"embeddable":true,"href":"https:\/\/zs-musk.cz\/musk4\/wp-json\/wp\/v2\/users\/8"}],"replies":[{"embeddable":true,"href":"https:\/\/zs-musk.cz\/musk4\/wp-json\/wp\/v2\/comments?post=217"}],"version-history":[{"count":2,"href":"https:\/\/zs-musk.cz\/musk4\/wp-json\/wp\/v2\/pages\/217\/revisions"}],"predecessor-version":[{"id":221,"href":"https:\/\/zs-musk.cz\/musk4\/wp-json\/wp\/v2\/pages\/217\/revisions\/221"}],"wp:attachment":[{"href":"https:\/\/zs-musk.cz\/musk4\/wp-json\/wp\/v2\/media?parent=217"}],"curies":[{"name":"wp","href":"https:\/\/api.w.org\/{rel}","templated":true}]}}