{"id":21,"date":"2018-07-16T09:40:34","date_gmt":"2018-07-16T07:40:34","guid":{"rendered":"http:\/\/zs-musk.cz\/musk4\/?page_id=21"},"modified":"2026-04-17T07:52:09","modified_gmt":"2026-04-17T05:52:09","slug":"jidelni-listek","status":"publish","type":"page","link":"https:\/\/zs-musk.cz\/musk4\/jidelni-listek\/","title":{"rendered":"J\u00eddeln\u00ed l\u00edstek"},"content":{"rendered":"<p><strong><span style=\"color: #ff6600;\">20.04<\/span><\/strong><strong><span style=\"color: #ff6600;\">.2026 &#8211; Pond\u011bl\u00ed<\/span><\/strong><\/p>\n<div>\n<div>1. sva\u010dinka: kuku\u0159i\u010dn\u00e9 lup\u00ednky, ml\u00e9ko, jablko, \u010daj &#8211; 1.1, 05,06,07,8.2, 12<\/div>\n<div>2. ob\u011bd: pol\u00e9vka: krupicov\u00e1 s vejcem<\/div>\n<div>srbsk\u00e9 vep\u0159ov\u00e9 \u017eeb\u00edrko, r\u00fd\u017ee &#8211; 1.1,03,09<\/div>\n<div>3. p\u0159esn\u00edd\u00e1vka: chl\u00e9b se s\u00fdrem, \u0159edkvi\u010dka, ovocn\u00fd \u010daj &#8211; 1.1,1.2, 03,06, 07,8.2,11<\/div>\n<\/div>\n<p><strong style=\"font-size: revert; color: initial;\"><span style=\"color: #ff6600;\">21.04<\/span><\/strong><strong style=\"font-size: revert; color: initial;\"><span style=\"color: #ff6600;\">.2026 &#8211; \u00dater\u00fd<\/span><\/strong><\/p>\n<div>\n<div>1. sva\u010dinka: veka s tu\u0148\u00e1kovou pomaz\u00e1nkou, mandarinka, kakao, ovocn\u00fd \u010daj &#8211; 1.1,1.2,03,04,06, 07,8.2,10,11<\/div>\n<div>2. ob\u011bd: pol\u00e9vka: slepi\u010d\u00ed s tarho\u0148ou<\/div>\n<div>barevn\u00e1 ku\u0159ec\u00ed sm\u011bs, kuskus t\u011bstovinov\u00fd, ty\u010dinka &#8211; 1.1,03,06,08,8.1,09,12<\/div>\n<div>3. p\u0159esn\u00edd\u00e1vka: zeleninov\u00fd tal\u00ed\u0159, rohl\u00edk s pomaz\u00e1nkov\u00fdm m\u00e1slem, \u010daj &#8211; 1.2,06, 07,8.2, 11<\/div>\n<\/div>\n<p><strong style=\"font-size: revert; color: initial;\"><span style=\"color: #ff6600;\">22.04.2026 &#8211; St\u0159eda<\/span><\/strong><\/p>\n<div>\n<div>\n<div>\n<div>1. sva\u010dinka: ovocn\u00fd jogurt, r\u00fd\u017eov\u00fd chleb\u00ed\u010dek, ovoce, \u010daj &#8211;\u00a0 07, 12<\/div>\n<div>2. ob\u011bd: pol\u00e9vka: zeleninov\u00e1 s ovesn\u00fdmi vlo\u010dkami<\/div>\n<div>zeleninov\u00e9 bulgurrizoto se s\u00fdrem, ovoce &#8211; 1.1,1.3,03,07,09<\/div>\n<div>3. p\u0159esn\u00edd\u00e1vka: chrumky, ovoce, kakao &#8211;\u00a0 07, 12<\/div>\n<\/div>\n<\/div>\n<\/div>\n<p><strong style=\"font-size: revert; color: initial;\"><span style=\"color: #ff6600;\">23<\/span><\/strong><strong style=\"font-size: revert; color: initial;\"><span style=\"color: #ff6600;\">.04.2026 &#8211; \u010ctvrtek<\/span><\/strong><\/p>\n<div>\n<div>1. sva\u010dinka: jemn\u00e1 \u010desnekov\u00e1 pomaz\u00e1nka, chl\u00e9b, raj\u010de, ml\u00e9ko , \u010daj &#8211; 1.1,1.4, 03,06, 07,8.2,10,11, 12 <br \/>2. ob\u011bd pol\u00e9vka: hrstkov\u00e1 <br \/>\u0161unkofleky, kysel\u00e1 okurka &#8211; 1.1,1.2,1.3,03,07,09,10 <br \/>3. p\u0159esn\u00edd\u00e1vka: r\u00fd\u017eov\u00fd chleb\u00ed\u010dek, \u017eerv\u00e9, bluma, \u010daj &#8211; 06, 07, 11<\/div>\n<div>\u00a0<\/div>\n<\/div>\n<p><strong style=\"font-size: revert; color: initial;\"><span style=\"color: #ff6600;\">24.04.2026 &#8211; P\u00e1tek<\/span><\/strong><\/p>\n<div>\n<div>1. sva\u010dinka: budape\u0161\u0165sk\u00e1 pomaz\u00e1nka, Kn\u00e4ckebrot,jablko, malinov\u00fd \u010daj &#8211; 1.2, 07,11<\/div>\n<div>2. ob\u011bd: pol\u00e9vka: hov\u011bz\u00ed s r\u00fd\u017e\u00ed<\/div>\n<div>hov\u011bz\u00ed maso, koprov\u00e1 om\u00e1\u010dka, houskov\u00fd knedl\u00edk &#8211; 1.1,03,06,07,09<\/div>\n<div>3. p\u0159esn\u00edd\u00e1vka: lu\u010dina, r\u00fd\u017eov\u00fd chl\u00e9b, bikava, bor\u016fvkov\u00fd \u010daj &#8211; 06, 07, 11. P\u0159\u00edprava p\u0159esn\u00edd\u00e1vky s d\u011btmi.<\/div>\n<\/div>\n<p><span style=\"font-size: inherit;\">V\u0161echny alergeny naleznete zde: <\/span><span style=\"color: #ffffff;\"><a style=\"color: #ffffff;\" href=\"http:\/\/zs-musk.cz\/musk4\/wp-content\/uploads\/sites\/4\/2018\/10\/alergeny.pdf\">alergeny<\/a><\/span><\/p>\n\n\n<p><\/p>\n","protected":false},"excerpt":{"rendered":"<p>20.04.2026 &#8211; Pond\u011bl\u00ed 1. sva\u010dinka: kuku\u0159i\u010dn\u00e9 lup\u00ednky, ml\u00e9ko, jablko, \u010daj &#8211; 1.1, 05,06,07,8.2, 12 2. ob\u011bd: pol\u00e9vka: krupicov\u00e1 s vejcem srbsk\u00e9 vep\u0159ov\u00e9 \u017eeb\u00edrko, r\u00fd\u017ee &#8211; 1.1,03,09 3. p\u0159esn\u00edd\u00e1vka: chl\u00e9b se s\u00fdrem, \u0159edkvi\u010dka, ovocn\u00fd \u010daj &#8211; 1.1,1.2, 03,06, 07,8.2,11 21.04.2026 &#8211; \u00dater\u00fd 1. sva\u010dinka: veka s tu\u0148\u00e1kovou pomaz\u00e1nkou, mandarinka, kakao, ovocn\u00fd \u010daj &#8211; 1.1,1.2,03,04,06, 07,8.2,10,11 2. [&hellip;]<\/p>\n","protected":false},"author":1,"featured_media":0,"parent":0,"menu_order":0,"comment_status":"closed","ping_status":"closed","template":"","meta":{"footnotes":""},"class_list":["post-21","page","type-page","status-publish","hentry"],"_links":{"self":[{"href":"https:\/\/zs-musk.cz\/musk4\/wp-json\/wp\/v2\/pages\/21","targetHints":{"allow":["GET"]}}],"collection":[{"href":"https:\/\/zs-musk.cz\/musk4\/wp-json\/wp\/v2\/pages"}],"about":[{"href":"https:\/\/zs-musk.cz\/musk4\/wp-json\/wp\/v2\/types\/page"}],"author":[{"embeddable":true,"href":"https:\/\/zs-musk.cz\/musk4\/wp-json\/wp\/v2\/users\/1"}],"replies":[{"embeddable":true,"href":"https:\/\/zs-musk.cz\/musk4\/wp-json\/wp\/v2\/comments?post=21"}],"version-history":[{"count":354,"href":"https:\/\/zs-musk.cz\/musk4\/wp-json\/wp\/v2\/pages\/21\/revisions"}],"predecessor-version":[{"id":1371,"href":"https:\/\/zs-musk.cz\/musk4\/wp-json\/wp\/v2\/pages\/21\/revisions\/1371"}],"wp:attachment":[{"href":"https:\/\/zs-musk.cz\/musk4\/wp-json\/wp\/v2\/media?parent=21"}],"curies":[{"name":"wp","href":"https:\/\/api.w.org\/{rel}","templated":true}]}}