{"id":13,"date":"2018-07-16T09:39:34","date_gmt":"2018-07-16T07:39:34","guid":{"rendered":"http:\/\/zs-musk.cz\/musk4\/?page_id=13"},"modified":"2025-09-28T09:52:58","modified_gmt":"2025-09-28T07:52:58","slug":"nas-tym","status":"publish","type":"page","link":"https:\/\/zs-musk.cz\/musk4\/nas-tym\/","title":{"rendered":"N\u00e1\u0161 t\u00fdm"},"content":{"rendered":"<p><strong><span style=\"color: #ff6600;\">\u0159editelka za\u0159\u00edzen\u00ed:\u00a0<span style=\"color: #ffffff;\"><em>Mgr. Ing. Milada St\u00e1rkov\u00e1<\/em><\/span><\/span><\/strong><\/p>\n<p>SZZ V\u0160E, SZZ speci\u00e1ln\u00ed pedagogika, \u0159editelka \u0161koly, \u010dlenka Dys-centra Praha, certifikace Dynamic assessment of young children &#8211; Dynamick\u00e9 vy\u0161et\u0159en\u00ed d\u011bt\u00ed p\u0159ed\u0161koln\u00edho a mlad\u0161\u00edho \u0161koln\u00edho v\u011bku, metoda prof. Feuersteina, certifikace Mensa international \u010cR &#8211; NTC Learning, certifikace \u0160koln\u00ed zralost, certifikace syndrom CAN, certifikace Prvn\u00ed pomoc, certifikace D\u011bti s ADHD, certifikace Rozvoj \u0159e\u010dov\u00fdch dovednost\u00ed u d\u011bt\u00ed, certifikace Montessori pedagogika, certifikace mezin\u00e1rodn\u00ed spolupr\u00e1ce Cesta k inkluzi, kurz Zvl\u00e1d\u00e1n\u00ed konfliktn\u00edch situac\u00ed<\/p>\n<p><strong><span style=\"color: #ff6600;\">z\u00e1stupce \u0159editelky:\u00a0<span style=\"color: #ffffff;\"><em>Veronika Krutsk\u00e1<\/em><\/span><\/span><\/strong><\/p>\n<p>v sou\u010dasnosti dopl\u0148uj\u00edc\u00ed vzd\u011bl\u00e1n\u00ed SPg\u0160, obor p\u0159ed\u0161koln\u00ed v\u00fdchova a vzd\u011bl\u00e1v\u00e1n\u00ed, profesn\u00ed kvalifikace v oboru pedagogiky pro d\u011bti do zah\u00e1jen\u00ed \u0161koln\u00ed doch\u00e1zky, certifikace \u0160koln\u00ed zralost, certifikace Matematick\u00e9 dovednosti p\u0159ed\u0161kol\u00e1k\u016f, certifikace Pr\u00e1ce s \u010d\u00edslem p\u0159ed\u0161kol\u00e1k\u016f, certifikace Prvn\u00ed pomoc, certifikace V\u00fdvoj \u0159e\u010di a komunikace, certifikace Logopedick\u00e1 prevence, certifikace Poruchy chov\u00e1n\u00ed a koncentrace, certifikace Montessori pedagogika, certifikace P\u0159ed\u010dten\u00e1\u0159sk\u00e1 gramotnost, certifikace syndrom CAN, praxe 6 let v oboru p\u0159ed\u0161koln\u00ed v\u00fdchova a vzd\u011bl\u00e1v\u00e1n\u00ed, certifikace Mensa International \u010cR &#8211; NTC Learning, certifikace j\u00f3ga,\u00a0certifikace FotoAngelo, kurz Zvl\u00e1d\u00e1n\u00ed konfliktn\u00edch situac\u00ed, kurz Jak \u00fa\u010dinn\u011b motivovat \u017e\u00e1ky a studenty pro \u0161koln\u00ed \u010dinnost, certifikace Krit\u00e9ria \u0161koln\u00ed zralosti<\/p>\n<p><strong><span style=\"color: #ff6600;\">vedouc\u00ed pedagog:\u00a0<span style=\"color: #ffffff;\"><em>Michaela Knorrov\u00e1<\/em><\/span><\/span><\/strong><\/p>\n<p><strong><span style=\"color: #ff6600;\">pe\u010duj\u00edc\u00ed: <span style=\"color: #ffffff;\"><em>Simona Hartmanov\u00e1<\/em><\/span><\/span><\/strong><\/p>\n<p>profesn\u00ed kvalifikace Ch\u016fva pro d\u011bti do zah\u00e1jen\u00ed povinn\u00e9 \u0161koln\u00ed doch\u00e1zky<\/p>\n\n\n<p><\/p>\n","protected":false},"excerpt":{"rendered":"<p>\u0159editelka za\u0159\u00edzen\u00ed:\u00a0Mgr. Ing. Milada St\u00e1rkov\u00e1 SZZ V\u0160E, SZZ speci\u00e1ln\u00ed pedagogika, \u0159editelka \u0161koly, \u010dlenka Dys-centra Praha, certifikace Dynamic assessment of young children &#8211; Dynamick\u00e9 vy\u0161et\u0159en\u00ed d\u011bt\u00ed p\u0159ed\u0161koln\u00edho a mlad\u0161\u00edho \u0161koln\u00edho v\u011bku, metoda prof. Feuersteina, certifikace Mensa international \u010cR &#8211; NTC Learning, certifikace \u0160koln\u00ed zralost, certifikace syndrom CAN, certifikace Prvn\u00ed pomoc, certifikace D\u011bti s ADHD, certifikace Rozvoj [&hellip;]<\/p>\n","protected":false},"author":1,"featured_media":0,"parent":0,"menu_order":0,"comment_status":"closed","ping_status":"closed","template":"","meta":{"footnotes":""},"class_list":["post-13","page","type-page","status-publish","hentry"],"_links":{"self":[{"href":"https:\/\/zs-musk.cz\/musk4\/wp-json\/wp\/v2\/pages\/13","targetHints":{"allow":["GET"]}}],"collection":[{"href":"https:\/\/zs-musk.cz\/musk4\/wp-json\/wp\/v2\/pages"}],"about":[{"href":"https:\/\/zs-musk.cz\/musk4\/wp-json\/wp\/v2\/types\/page"}],"author":[{"embeddable":true,"href":"https:\/\/zs-musk.cz\/musk4\/wp-json\/wp\/v2\/users\/1"}],"replies":[{"embeddable":true,"href":"https:\/\/zs-musk.cz\/musk4\/wp-json\/wp\/v2\/comments?post=13"}],"version-history":[{"count":16,"href":"https:\/\/zs-musk.cz\/musk4\/wp-json\/wp\/v2\/pages\/13\/revisions"}],"predecessor-version":[{"id":1290,"href":"https:\/\/zs-musk.cz\/musk4\/wp-json\/wp\/v2\/pages\/13\/revisions\/1290"}],"wp:attachment":[{"href":"https:\/\/zs-musk.cz\/musk4\/wp-json\/wp\/v2\/media?parent=13"}],"curies":[{"name":"wp","href":"https:\/\/api.w.org\/{rel}","templated":true}]}}