{"id":11,"date":"2018-07-16T09:39:03","date_gmt":"2018-07-16T07:39:03","guid":{"rendered":"http:\/\/zs-musk.cz\/musk4\/?page_id=11"},"modified":"2025-09-07T15:13:29","modified_gmt":"2025-09-07T13:13:29","slug":"cenik","status":"publish","type":"page","link":"https:\/\/zs-musk.cz\/musk4\/cenik\/","title":{"rendered":"Cen\u00edk"},"content":{"rendered":"<p>&#8211; Dotovan\u00e9 \u0161koln\u00e9 a stravn\u00e9 je poskytnuto pouze za spln\u011bn\u00fdch podm\u00ednek MPSV, podm\u00ednky naleznete v provozn\u00edch \u0159\u00e1dech, viz.<span style=\"color: #ffffff;\"><strong> <a style=\"color: #ffffff;\" href=\"https:\/\/zs-musk.cz\/musk4\/wp-content\/uploads\/sites\/4\/2025\/09\/Provozni-rad-MUSK-IV-2025-2026-MPSV.doc\">Provozn\u00ed-\u0159\u00e1d-MUSK-IV-2025-2026 MPSV<\/a><\/strong><\/span><\/p>\n","protected":false},"excerpt":{"rendered":"<p>&#8211; Dotovan\u00e9 \u0161koln\u00e9 a stravn\u00e9 je poskytnuto pouze za spln\u011bn\u00fdch podm\u00ednek MPSV, podm\u00ednky naleznete v provozn\u00edch \u0159\u00e1dech, viz. Provozn\u00ed-\u0159\u00e1d-MUSK-IV-2025-2026 MPSV<\/p>\n","protected":false},"author":1,"featured_media":0,"parent":0,"menu_order":0,"comment_status":"closed","ping_status":"closed","template":"","meta":{"footnotes":""},"class_list":["post-11","page","type-page","status-publish","hentry"],"_links":{"self":[{"href":"https:\/\/zs-musk.cz\/musk4\/wp-json\/wp\/v2\/pages\/11","targetHints":{"allow":["GET"]}}],"collection":[{"href":"https:\/\/zs-musk.cz\/musk4\/wp-json\/wp\/v2\/pages"}],"about":[{"href":"https:\/\/zs-musk.cz\/musk4\/wp-json\/wp\/v2\/types\/page"}],"author":[{"embeddable":true,"href":"https:\/\/zs-musk.cz\/musk4\/wp-json\/wp\/v2\/users\/1"}],"replies":[{"embeddable":true,"href":"https:\/\/zs-musk.cz\/musk4\/wp-json\/wp\/v2\/comments?post=11"}],"version-history":[{"count":27,"href":"https:\/\/zs-musk.cz\/musk4\/wp-json\/wp\/v2\/pages\/11\/revisions"}],"predecessor-version":[{"id":1274,"href":"https:\/\/zs-musk.cz\/musk4\/wp-json\/wp\/v2\/pages\/11\/revisions\/1274"}],"wp:attachment":[{"href":"https:\/\/zs-musk.cz\/musk4\/wp-json\/wp\/v2\/media?parent=11"}],"curies":[{"name":"wp","href":"https:\/\/api.w.org\/{rel}","templated":true}]}}