{"id":19,"date":"2018-07-12T08:12:56","date_gmt":"2018-07-12T06:12:56","guid":{"rendered":"http:\/\/zs-musk.cz\/musk2\/?page_id=19"},"modified":"2026-03-11T17:15:23","modified_gmt":"2026-03-11T16:15:23","slug":"kontakt","status":"publish","type":"page","link":"https:\/\/zs-musk.cz\/chyne\/kontakt\/","title":{"rendered":"Kontakt"},"content":{"rendered":"<p><iframe loading=\"lazy\" style=\"border: 0;\" src=\"https:\/\/www.google.com\/maps\/embed?pb=!1m18!1m12!1m3!1d2561.575472572328!2d14.217712176379203!3d50.056783471519694!2m3!1f0!2f0!3f0!3m2!1i1024!2i768!4f13.1!3m3!1m2!1s0x470bbea90241a779%3A0x96d156f448d1d11b!2zVG_EjWl2w6EgNTc2LCAyNTMgMDMgQ2jDvW7Emy1Ib3N0aXZpY2U!5e0!3m2!1scs!2scz!4v1767521431213!5m2!1scs!2scz\" width=\"600\" height=\"450\" allowfullscreen=\"allowfullscreen\"><\/iframe><\/p>\n<p><strong><span style=\"color: #ff6600;\">Minisv\u011bt u Krte\u010dka Ch\u00fdn\u011b, d\u011btsk\u00e1 skupina, To\u010div\u00e1 576, Ch\u00fdn\u011b, PS\u010c 253 03<\/span><\/strong><\/p>\n<p>I\u010cO:\u00a0 05507901,\u00a0DI\u010c:\u00a0CZ05507901<\/p>\n<p><strong><span style=\"color: #ff6600;\">Spojen\u00ed:<\/span><\/strong><\/p>\n<p>Veronika Krutsk\u00e1 &#8211; z\u00e1stupkyn\u011b: 720020470 \/ mskrtecek@email.cz<\/p>\n<p>provozovna: 725935836<\/p>\n<p><strong><span style=\"color: #ff6600;\">ID datov\u00e9 schr\u00e1nky:<\/span><\/strong> i439m4m<\/p>\n<p><strong><span style=\"color: #ff6600;\">Bankovn\u00ed spojen\u00ed:<\/span> <\/strong>279890783\/0600<\/p>\n","protected":false},"excerpt":{"rendered":"<p>Minisv\u011bt u Krte\u010dka Ch\u00fdn\u011b, d\u011btsk\u00e1 skupina, To\u010div\u00e1 576, Ch\u00fdn\u011b, PS\u010c 253 03 I\u010cO:\u00a0 05507901,\u00a0DI\u010c:\u00a0CZ05507901 Spojen\u00ed: Veronika Krutsk\u00e1 &#8211; z\u00e1stupkyn\u011b: 720020470 \/ mskrtecek@email.cz provozovna: 725935836 ID datov\u00e9 schr\u00e1nky: i439m4m Bankovn\u00ed spojen\u00ed: 279890783\/0600<\/p>\n","protected":false},"author":1,"featured_media":0,"parent":0,"menu_order":0,"comment_status":"closed","ping_status":"closed","template":"","meta":{"footnotes":""},"class_list":["post-19","page","type-page","status-publish","hentry"],"_links":{"self":[{"href":"https:\/\/zs-musk.cz\/chyne\/wp-json\/wp\/v2\/pages\/19","targetHints":{"allow":["GET"]}}],"collection":[{"href":"https:\/\/zs-musk.cz\/chyne\/wp-json\/wp\/v2\/pages"}],"about":[{"href":"https:\/\/zs-musk.cz\/chyne\/wp-json\/wp\/v2\/types\/page"}],"author":[{"embeddable":true,"href":"https:\/\/zs-musk.cz\/chyne\/wp-json\/wp\/v2\/users\/1"}],"replies":[{"embeddable":true,"href":"https:\/\/zs-musk.cz\/chyne\/wp-json\/wp\/v2\/comments?post=19"}],"version-history":[{"count":25,"href":"https:\/\/zs-musk.cz\/chyne\/wp-json\/wp\/v2\/pages\/19\/revisions"}],"predecessor-version":[{"id":1640,"href":"https:\/\/zs-musk.cz\/chyne\/wp-json\/wp\/v2\/pages\/19\/revisions\/1640"}],"wp:attachment":[{"href":"https:\/\/zs-musk.cz\/chyne\/wp-json\/wp\/v2\/media?parent=19"}],"curies":[{"name":"wp","href":"https:\/\/api.w.org\/{rel}","templated":true}]}}