{"id":17,"date":"2018-07-12T08:12:48","date_gmt":"2018-07-12T06:12:48","guid":{"rendered":"http:\/\/zs-musk.cz\/musk2\/?page_id=17"},"modified":"2026-01-04T11:08:35","modified_gmt":"2026-01-04T10:08:35","slug":"cenik","status":"publish","type":"page","link":"https:\/\/zs-musk.cz\/chyne\/cenik\/","title":{"rendered":"Cen\u00edk"},"content":{"rendered":"<p>&#8211; Dotovan\u00e9 \u0161koln\u00e9 a stravn\u00e9 je poskytnuto pouze za spln\u011bn\u00fdch podm\u00ednek MPSV, podm\u00ednky naleznete v provozn\u00edch \u0159\u00e1dech, viz. <span style=\"color: #ffffff;\"><strong><a style=\"color: #ffffff;\" href=\"https:\/\/zs-musk.cz\/chyne\/wp-content\/uploads\/sites\/2\/2026\/01\/Provozni-rad-MUSK-Chyne-2025-2026-MPSV.doc\">Provozn\u00ed-\u0159\u00e1d-MUSK-Ch\u00fdn\u011b-2025-2026 MPSV<\/a><\/strong><\/span><\/p>\n","protected":false},"excerpt":{"rendered":"<p>&#8211; Dotovan\u00e9 \u0161koln\u00e9 a stravn\u00e9 je poskytnuto pouze za spln\u011bn\u00fdch podm\u00ednek MPSV, podm\u00ednky naleznete v provozn\u00edch \u0159\u00e1dech, viz. Provozn\u00ed-\u0159\u00e1d-MUSK-Ch\u00fdn\u011b-2025-2026 MPSV<\/p>\n","protected":false},"author":1,"featured_media":0,"parent":0,"menu_order":0,"comment_status":"closed","ping_status":"closed","template":"","meta":{"footnotes":""},"class_list":["post-17","page","type-page","status-publish","hentry"],"_links":{"self":[{"href":"https:\/\/zs-musk.cz\/chyne\/wp-json\/wp\/v2\/pages\/17","targetHints":{"allow":["GET"]}}],"collection":[{"href":"https:\/\/zs-musk.cz\/chyne\/wp-json\/wp\/v2\/pages"}],"about":[{"href":"https:\/\/zs-musk.cz\/chyne\/wp-json\/wp\/v2\/types\/page"}],"author":[{"embeddable":true,"href":"https:\/\/zs-musk.cz\/chyne\/wp-json\/wp\/v2\/users\/1"}],"replies":[{"embeddable":true,"href":"https:\/\/zs-musk.cz\/chyne\/wp-json\/wp\/v2\/comments?post=17"}],"version-history":[{"count":43,"href":"https:\/\/zs-musk.cz\/chyne\/wp-json\/wp\/v2\/pages\/17\/revisions"}],"predecessor-version":[{"id":1584,"href":"https:\/\/zs-musk.cz\/chyne\/wp-json\/wp\/v2\/pages\/17\/revisions\/1584"}],"wp:attachment":[{"href":"https:\/\/zs-musk.cz\/chyne\/wp-json\/wp\/v2\/media?parent=17"}],"curies":[{"name":"wp","href":"https:\/\/api.w.org\/{rel}","templated":true}]}}