{"id":13,"date":"2018-07-12T08:12:28","date_gmt":"2018-07-12T06:12:28","guid":{"rendered":"http:\/\/zs-musk.cz\/musk2\/?page_id=13"},"modified":"2026-04-28T08:17:50","modified_gmt":"2026-04-28T06:17:50","slug":"jidelni-listek","status":"publish","type":"page","link":"https:\/\/zs-musk.cz\/chyne\/jidelni-listek\/","title":{"rendered":"J\u00eddeln\u00ed l\u00edstek"},"content":{"rendered":"<p><strong><span style=\"color: #ff6600;\">27.04<\/span><\/strong><strong><span style=\"color: #ff6600;\">.2026 &#8211; Pond\u011bl\u00ed<\/span><\/strong><\/p>\n<div>\n<div>1. sva\u010dinka: \u0161paldov\u00e9 lup\u00ednky s ml\u00e9kem, jablko, \u010daj &#8211; 1.1,1.5,05,06, 07,8.2, 12<\/div>\n<div>2. ob\u011bd: pol\u00e9vka: pohankov\u00e1 kr\u00e9mov\u00e1<\/div>\n<div>pe\u010den\u00e9 ku\u0159ec\u00ed maso, americk\u00e9 brambory &#8211; 1.1,07<\/div>\n<div>3. p\u0159esn\u00edd\u00e1vka: chl\u00e9b s tvarohovou pomaz\u00e1nkou s mrkv\u00ed, paprika, ml\u00e9ko, \u010daj &#8211; 1.1,1.2,03,06, 07,8.2,11, 12<\/div>\n<\/div>\n<p><strong style=\"font-size: revert; color: initial;\"><span style=\"color: #ff6600;\">28.04<\/span><\/strong><strong style=\"font-size: revert; color: initial;\"><span style=\"color: #ff6600;\">.2026 &#8211; \u00dater\u00fd<\/span><\/strong><\/p>\n<div>\n<div>1. sva\u010dinka: makovka, ml\u00e9\u010dn\u00fd ban\u00e1nov\u00fd koktejl, \u010daj &#8211; 1.2,1.4,03,06,07,8.2,11,12<\/div>\n<div>2. ob\u011bd: pol\u00e9vka: hov\u011bz\u00ed v\u00fdvar s j\u00e1trovou r\u00fd\u017e\u00ed<\/div>\n<div>hrachov\u00e1 ka\u0161e s cibulkou, chl\u00e9b, kysel\u00e1 okurka &#8211; 1.1,03,07,09,10<\/div>\n<div>3. p\u0159esn\u00edd\u00e1vka: toust\u00edk s pomaz\u00e1nkou z Lu\u010diny, okurka, ml\u00e9ko, \u010daj &#8211; 1.1,04,06, 07,8.2,10,13<\/div>\n<\/div>\n<p><strong style=\"font-size: revert; color: initial;\"><span style=\"color: #ff6600;\">29.04.2026 &#8211; St\u0159eda<\/span><\/strong><\/p>\n<div>\n<div>\n<div>1. sva\u010dinka: celozrnn\u00fd \u017eitn\u00fd chl\u00e9b s celerovou pomaz\u00e1nkou se s\u00fdrem, mandarinka, ml\u00e9ko, \u010daj &#8211; 1.2,06, 07,8.1,8.2,09,11<\/div>\n<div>2. ob\u011bd:pol\u00e9vka: km\u00ednov\u00e1 s kap\u00e1n\u00edm<\/div>\n<div>\u0161t\u011bp\u00e1nsk\u00e1 sekan\u00e1 pe\u010den\u011b, bramborov\u00e1 ka\u0161e, kysel\u00e1 okurka &#8211; 1.1,03,07,09,10<\/div>\n<div>3. p\u0159esn\u00edd\u00e1vka: okurkov\u00fd sal\u00e1t, chrumky, ml\u00e9ko, \u010daj &#8211; 07, 12<\/div>\n<\/div>\n<div>\u00a0<\/div>\n<\/div>\n<p><strong style=\"font-size: revert; color: initial;\"><span style=\"color: #ff6600;\">30<\/span><\/strong><strong style=\"font-size: revert; color: initial;\"><span style=\"color: #ff6600;\">.04.2026 &#8211; \u010ctvrtek<\/span><\/strong><\/p>\n<div>\n<div>1. sva\u010dinka: toustov\u00fd chl\u00e9b vitamin s tvarohovou pomaz\u00e1nkou, raj\u010de, ml\u00e9ko, \u010daj &#8211; 1.1,1.2, 07, 12 <br \/>2. ob\u011bd: pol\u00e9vka: \u010desnekov\u00e1 s krupkami <br \/>vep\u0159ov\u00e1 k\u00fdta na paprice, t\u011bstoviny &#8211; 1.1,03,07 <br \/>3. p\u0159esn\u00edd\u00e1vka: \u017eerv\u00e9, kuku\u0159i\u010dn\u00fd pl\u00e1tek, jablko, \u010daj &#8211; 1.1, 07, 12 <\/div>\n<div>\u00a0<\/div>\n<\/div>\n<p><strong style=\"font-size: revert; color: initial;\"><span style=\"color: #ff6600;\">01.05.2026 &#8211; P\u00e1tek<\/span><\/strong><\/p>\n<div>ST\u00c1TN\u00cd SV\u00c1TEK<\/div>\n<p><span style=\"font-size: inherit;\">V\u0161echny alergeny naleznete zde: <\/span><span style=\"color: #ffffff;\"><a style=\"color: #ffffff;\" href=\"http:\/\/zs-musk.cz\/musk2\/wp-content\/uploads\/sites\/2\/2018\/10\/alergeny.pdf\">alergeny<\/a><\/span><\/p>\n\n\n<p><\/p>\n","protected":false},"excerpt":{"rendered":"<p>27.04.2026 &#8211; Pond\u011bl\u00ed 1. sva\u010dinka: \u0161paldov\u00e9 lup\u00ednky s ml\u00e9kem, jablko, \u010daj &#8211; 1.1,1.5,05,06, 07,8.2, 12 2. ob\u011bd: pol\u00e9vka: pohankov\u00e1 kr\u00e9mov\u00e1 pe\u010den\u00e9 ku\u0159ec\u00ed maso, americk\u00e9 brambory &#8211; 1.1,07 3. p\u0159esn\u00edd\u00e1vka: chl\u00e9b s tvarohovou pomaz\u00e1nkou s mrkv\u00ed, paprika, ml\u00e9ko, \u010daj &#8211; 1.1,1.2,03,06, 07,8.2,11, 12 28.04.2026 &#8211; \u00dater\u00fd 1. sva\u010dinka: makovka, ml\u00e9\u010dn\u00fd ban\u00e1nov\u00fd koktejl, \u010daj &#8211; 1.2,1.4,03,06,07,8.2,11,12 2. [&hellip;]<\/p>\n","protected":false},"author":1,"featured_media":0,"parent":0,"menu_order":0,"comment_status":"closed","ping_status":"closed","template":"","meta":{"footnotes":""},"class_list":["post-13","page","type-page","status-publish","hentry"],"_links":{"self":[{"href":"https:\/\/zs-musk.cz\/chyne\/wp-json\/wp\/v2\/pages\/13","targetHints":{"allow":["GET"]}}],"collection":[{"href":"https:\/\/zs-musk.cz\/chyne\/wp-json\/wp\/v2\/pages"}],"about":[{"href":"https:\/\/zs-musk.cz\/chyne\/wp-json\/wp\/v2\/types\/page"}],"author":[{"embeddable":true,"href":"https:\/\/zs-musk.cz\/chyne\/wp-json\/wp\/v2\/users\/1"}],"replies":[{"embeddable":true,"href":"https:\/\/zs-musk.cz\/chyne\/wp-json\/wp\/v2\/comments?post=13"}],"version-history":[{"count":416,"href":"https:\/\/zs-musk.cz\/chyne\/wp-json\/wp\/v2\/pages\/13\/revisions"}],"predecessor-version":[{"id":1667,"href":"https:\/\/zs-musk.cz\/chyne\/wp-json\/wp\/v2\/pages\/13\/revisions\/1667"}],"wp:attachment":[{"href":"https:\/\/zs-musk.cz\/chyne\/wp-json\/wp\/v2\/media?parent=13"}],"curies":[{"name":"wp","href":"https:\/\/api.w.org\/{rel}","templated":true}]}}